{"id":6119,"date":"2023-08-30T14:13:27","date_gmt":"2023-08-30T14:13:27","guid":{"rendered":"https:\/\/omcg.com\/maquinas-especiales\/"},"modified":"2023-11-23T10:00:40","modified_gmt":"2023-11-23T10:00:40","slug":"maquinas-especiales","status":"publish","type":"page","link":"https:\/\/omcg.com\/es\/maquinas-especiales\/","title":{"rendered":"M\u00e1quinas especiales"},"content":{"rendered":"\t\t<div data-elementor-type=\"wp-page\" data-elementor-id=\"6119\" class=\"elementor elementor-6119 elementor-3065\" data-elementor-post-type=\"page\">\n\t\t\t\t\t\t<section class=\"elementor-section elementor-top-section elementor-element elementor-element-5a08adc elementor-section-boxed elementor-section-height-default elementor-section-height-default\" data-id=\"5a08adc\" data-element_type=\"section\" data-settings=\"{&quot;background_background&quot;:&quot;classic&quot;}\">\n\t\t\t\t\t\t\t<div class=\"elementor-background-overlay\"><\/div>\n\t\t\t\t\t\t\t<div class=\"elementor-container elementor-column-gap-default\">\n\t\t\t\t\t<div class=\"elementor-column elementor-col-100 elementor-top-column elementor-element elementor-element-c8b7bb0\" data-id=\"c8b7bb0\" data-element_type=\"column\">\n\t\t\t<div class=\"elementor-widget-wrap elementor-element-populated\">\n\t\t\t\t\t\t\t<\/div>\n\t\t<\/div>\n\t\t\t\t\t<\/div>\n\t\t<\/section>\n\t\t\t\t<section class=\"elementor-section elementor-top-section elementor-element elementor-element-19ac61e elementor-section-boxed elementor-section-height-default elementor-section-height-default\" data-id=\"19ac61e\" data-element_type=\"section\" data-settings=\"{&quot;background_background&quot;:&quot;gradient&quot;}\">\n\t\t\t\t\t\t<div class=\"elementor-container elementor-column-gap-no\">\n\t\t\t\t\t<div class=\"elementor-column elementor-col-100 elementor-top-column elementor-element elementor-element-0978c45\" data-id=\"0978c45\" data-element_type=\"column\" data-settings=\"{&quot;background_background&quot;:&quot;classic&quot;}\">\n\t\t\t<div class=\"elementor-widget-wrap elementor-element-populated\">\n\t\t\t\t\t\t<div class=\"elementor-element elementor-element-3dafc39 elementor-cta--skin-cover macchine elementor-cta--valign-bottom elementor-animated-content elementor-widget elementor-widget-call-to-action\" data-id=\"3dafc39\" data-element_type=\"widget\" data-widget_type=\"call-to-action.default\">\n\t\t\t\t<div class=\"elementor-widget-container\">\n\t\t\t\t\t<a class=\"elementor-cta\" href=\"https:\/\/omcg.com\/es\/alambre\/xwa\/\">\n\t\t\t\t\t<div class=\"elementor-cta__bg-wrapper\">\n\t\t\t\t<div class=\"elementor-cta__bg elementor-bg\" style=\"background-image: url();\" role=\"img\" aria-label=\"\"><\/div>\n\t\t\t\t<div class=\"elementor-cta__bg-overlay\"><\/div>\n\t\t\t<\/div>\n\t\t\t\t\t\t\t<div class=\"elementor-cta__content\">\n\t\t\t\t\t\t\t\t\t<div class=\"elementor-content-item elementor-cta__content-item elementor-cta__image elementor-animated-item--move-right\">\n\t\t\t\t\t\t<img fetchpriority=\"high\" decoding=\"async\" width=\"1000\" height=\"400\" src=\"https:\/\/omcg.com\/wp-content\/uploads\/2023\/10\/xwa_d.jpg\" class=\"attachment-full size-full wp-image-5365\" alt=\"\" srcset=\"https:\/\/omcg.com\/wp-content\/uploads\/2023\/10\/xwa_d.jpg 1000w, https:\/\/omcg.com\/wp-content\/uploads\/2023\/10\/xwa_d-300x120.jpg 300w, https:\/\/omcg.com\/wp-content\/uploads\/2023\/10\/xwa_d-768x307.jpg 768w\" sizes=\"(max-width: 1000px) 100vw, 1000px\" style=\"width:100%;height:40%;max-width:1000px\" \/>\t\t\t\t\t<\/div>\n\t\t\t\t\n\t\t\t\t\n\t\t\t\t\t\t\t\t\t<div class=\"elementor-cta__description elementor-cta__content-item elementor-content-item elementor-animated-item--move-right\">\n\t\t\t\t\t\t<p>XWA es la celda de trabajo para brazos de limpiador.<br \/>\nEl doble cabezal de doblado lo hace r\u00e1pido y permite una alta productividad.<\/p>\n\t\t\t\t\t<\/div>\n\t\t\t\t\n\t\t\t\t\t\t\t<\/div>\n\t\t\t\t\t\t<\/a>\n\t\t\t\t<\/div>\n\t\t\t\t<\/div>\n\t\t\t\t\t<\/div>\n\t\t<\/div>\n\t\t\t\t\t<\/div>\n\t\t<\/section>\n\t\t\t\t<section class=\"elementor-section elementor-top-section elementor-element elementor-element-dd5d5f7 elementor-section-boxed elementor-section-height-default elementor-section-height-default\" data-id=\"dd5d5f7\" data-element_type=\"section\" data-settings=\"{&quot;background_background&quot;:&quot;gradient&quot;}\">\n\t\t\t\t\t\t<div class=\"elementor-container elementor-column-gap-no\">\n\t\t\t\t\t<div class=\"elementor-column elementor-col-100 elementor-top-column elementor-element elementor-element-5f0ca70\" data-id=\"5f0ca70\" data-element_type=\"column\" data-settings=\"{&quot;background_background&quot;:&quot;classic&quot;}\">\n\t\t\t<div class=\"elementor-widget-wrap elementor-element-populated\">\n\t\t\t\t\t\t<div class=\"elementor-element elementor-element-9dfc923 elementor-cta--skin-cover macchine elementor-cta--valign-bottom elementor-animated-content elementor-widget elementor-widget-call-to-action\" data-id=\"9dfc923\" data-element_type=\"widget\" data-widget_type=\"call-to-action.default\">\n\t\t\t\t<div class=\"elementor-widget-container\">\n\t\t\t\t\t<a class=\"elementor-cta\" href=\"https:\/\/omcg.com\/es\/alambre\/xwa\/\">\n\t\t\t\t\t<div class=\"elementor-cta__bg-wrapper\">\n\t\t\t\t<div class=\"elementor-cta__bg elementor-bg\" style=\"background-image: url();\" role=\"img\" aria-label=\"\"><\/div>\n\t\t\t\t<div class=\"elementor-cta__bg-overlay\"><\/div>\n\t\t\t<\/div>\n\t\t\t\t\t\t\t<div class=\"elementor-cta__content\">\n\t\t\t\t\t\t\t\t\t<div class=\"elementor-content-item elementor-cta__content-item elementor-cta__image elementor-animated-item--move-right\">\n\t\t\t\t\t\t<img decoding=\"async\" width=\"1000\" height=\"400\" src=\"https:\/\/omcg.com\/wp-content\/uploads\/2023\/11\/XRC_D3-2.jpg\" class=\"attachment-full size-full wp-image-7163\" alt=\"\" srcset=\"https:\/\/omcg.com\/wp-content\/uploads\/2023\/11\/XRC_D3-2.jpg 1000w, https:\/\/omcg.com\/wp-content\/uploads\/2023\/11\/XRC_D3-2-300x120.jpg 300w, https:\/\/omcg.com\/wp-content\/uploads\/2023\/11\/XRC_D3-2-768x307.jpg 768w\" sizes=\"(max-width: 1000px) 100vw, 1000px\" style=\"width:100%;height:40%;max-width:1000px\" \/>\t\t\t\t\t<\/div>\n\t\t\t\t\n\t\t\t\t\n\t\t\t\t\t\t\t\t\t<div class=\"elementor-cta__description elementor-cta__content-item elementor-content-item elementor-animated-item--move-right\">\n\t\t\t\t\t\t<p>\nXRC es la celda de trabajo CNC para grapas de riel de ferrocarril.\nEl formado en fr\u00edo reduce considerablemente el consumo de energ\u00eda durante el procesamiento; el cambio de herramental es r\u00e1pido y la hace muy flexible.<\/p>\n\t\t\t\t\t<\/div>\n\t\t\t\t\n\t\t\t\t\t\t\t<\/div>\n\t\t\t\t\t\t<\/a>\n\t\t\t\t<\/div>\n\t\t\t\t<\/div>\n\t\t\t\t\t<\/div>\n\t\t<\/div>\n\t\t\t\t\t<\/div>\n\t\t<\/section>\n\t\t\t\t<section class=\"elementor-section elementor-top-section elementor-element elementor-element-25cf29f elementor-section-boxed elementor-section-height-default elementor-section-height-default\" data-id=\"25cf29f\" data-element_type=\"section\" data-settings=\"{&quot;background_background&quot;:&quot;classic&quot;}\">\n\t\t\t\t\t\t<div class=\"elementor-container elementor-column-gap-no\">\n\t\t\t\t\t<div class=\"elementor-column elementor-col-20 elementor-top-column elementor-element elementor-element-6d0fc60\" data-id=\"6d0fc60\" data-element_type=\"column\">\n\t\t\t<div class=\"elementor-widget-wrap elementor-element-populated\">\n\t\t\t\t\t\t<div class=\"elementor-element elementor-element-cc36410 elementor-cta--skin-cover elementor-cta--valign-middle elementor-widget elementor-widget-call-to-action\" data-id=\"cc36410\" data-element_type=\"widget\" data-widget_type=\"call-to-action.default\">\n\t\t\t\t<div class=\"elementor-widget-container\">\n\t\t\t\t\t<a class=\"elementor-cta\" href=\"https:\/\/omcg.com\/es\/alambre\/\">\n\t\t\t\t\t<div class=\"elementor-cta__bg-wrapper\">\n\t\t\t\t<div class=\"elementor-cta__bg elementor-bg\" style=\"background-image: url();\" role=\"img\" aria-label=\"\"><\/div>\n\t\t\t\t<div class=\"elementor-cta__bg-overlay\"><\/div>\n\t\t\t<\/div>\n\t\t\t\t\t\t\t<div class=\"elementor-cta__content\">\n\t\t\t\t\t\t\t\t\t<div class=\"elementor-content-item elementor-cta__content-item elementor-icon-wrapper elementor-cta__icon elementor-view-default\">\n\t\t\t\t\t\t<div class=\"elementor-icon\">\n\t\t\t\t\t\t\t<svg xmlns=\"http:\/\/www.w3.org\/2000\/svg\" id=\"Livello_1\" data-name=\"Livello 1\" viewBox=\"0 0 933.9 639.25\"><defs><style>.cls-1{fill:none;stroke:#878787;stroke-miterlimit:10;stroke-width:95.34px;}<\/style><\/defs><path class=\"cls-1\" d=\"M867.88,411.81H309.22m698.61-272H309.22M165.78,683.67l702.1.09m0-271.95c77.3,0,140,60.86,140,136s-62.65,135.93-140,135.93M309.22,411.81c-77.31,0-140-60.87-140-136s62.64-135.93,140-135.93\" transform=\"translate(-121.6 -92.18)\"><\/path><\/svg>\t\t\t\t\t\t<\/div>\n\t\t\t\t\t<\/div>\n\t\t\t\t\n\t\t\t\t\t\t\t\t\t<h5 class=\"elementor-cta__title elementor-cta__content-item elementor-content-item\">\n\t\t\t\t\t\talambre\t\t\t\t\t<\/h5>\n\t\t\t\t\n\t\t\t\t\n\t\t\t\t\t\t\t<\/div>\n\t\t\t\t\t\t<\/a>\n\t\t\t\t<\/div>\n\t\t\t\t<\/div>\n\t\t\t\t\t<\/div>\n\t\t<\/div>\n\t\t\t\t<div class=\"elementor-column elementor-col-20 elementor-top-column elementor-element elementor-element-add4f3e\" data-id=\"add4f3e\" data-element_type=\"column\">\n\t\t\t<div class=\"elementor-widget-wrap elementor-element-populated\">\n\t\t\t\t\t\t<div class=\"elementor-element elementor-element-bb553ca elementor-cta--skin-cover elementor-cta--valign-middle elementor-widget elementor-widget-call-to-action\" data-id=\"bb553ca\" data-element_type=\"widget\" data-widget_type=\"call-to-action.default\">\n\t\t\t\t<div class=\"elementor-widget-container\">\n\t\t\t\t\t<a class=\"elementor-cta\" href=\"https:\/\/omcg.com\/es\/tubo\/\">\n\t\t\t\t\t<div class=\"elementor-cta__bg-wrapper\">\n\t\t\t\t<div class=\"elementor-cta__bg elementor-bg\" style=\"background-image: url();\" role=\"img\" aria-label=\"\"><\/div>\n\t\t\t\t<div class=\"elementor-cta__bg-overlay\"><\/div>\n\t\t\t<\/div>\n\t\t\t\t\t\t\t<div class=\"elementor-cta__content\">\n\t\t\t\t\t\t\t\t\t<div class=\"elementor-content-item elementor-cta__content-item elementor-icon-wrapper elementor-cta__icon elementor-view-default\">\n\t\t\t\t\t\t<div class=\"elementor-icon\">\n\t\t\t\t\t\t\t<svg xmlns=\"http:\/\/www.w3.org\/2000\/svg\" id=\"Livello_1\" data-name=\"Livello 1\" viewBox=\"0 0 906.67 635.69\"><defs><style>.cls-1{fill:none;stroke:#878787;stroke-miterlimit:10;stroke-width:89.7px;}<\/style><\/defs><path class=\"cls-1\" d=\"M806.23,685.75H134m672.2-545.9H134m669.33,546c-106.29,0-192.49-122.26-192.49-273s86.2-273,192.49-273,192.49,122.26,192.49,273S909.65,685.84,803.36,685.84Z\" transform=\"translate(-134.03 -95)\"><\/path><\/svg>\t\t\t\t\t\t<\/div>\n\t\t\t\t\t<\/div>\n\t\t\t\t\n\t\t\t\t\t\t\t\t\t<h5 class=\"elementor-cta__title elementor-cta__content-item elementor-content-item\">\n\t\t\t\t\t\tTubo\t\t\t\t\t<\/h5>\n\t\t\t\t\n\t\t\t\t\n\t\t\t\t\t\t\t<\/div>\n\t\t\t\t\t\t<\/a>\n\t\t\t\t<\/div>\n\t\t\t\t<\/div>\n\t\t\t\t\t<\/div>\n\t\t<\/div>\n\t\t\t\t<div class=\"elementor-column elementor-col-20 elementor-top-column elementor-element elementor-element-7273260\" data-id=\"7273260\" data-element_type=\"column\">\n\t\t\t<div class=\"elementor-widget-wrap elementor-element-populated\">\n\t\t\t\t\t\t<div class=\"elementor-element elementor-element-63c14e7 elementor-cta--skin-cover elementor-cta--valign-middle elementor-widget elementor-widget-call-to-action\" data-id=\"63c14e7\" data-element_type=\"widget\" data-widget_type=\"call-to-action.default\">\n\t\t\t\t<div class=\"elementor-widget-container\">\n\t\t\t\t\t<a class=\"elementor-cta\" href=\"https:\/\/omcg.com\/nastro\/\">\n\t\t\t\t\t<div class=\"elementor-cta__bg-wrapper\">\n\t\t\t\t<div class=\"elementor-cta__bg elementor-bg\" style=\"background-image: url();\" role=\"img\" aria-label=\"\"><\/div>\n\t\t\t\t<div class=\"elementor-cta__bg-overlay\"><\/div>\n\t\t\t<\/div>\n\t\t\t\t\t\t\t<div class=\"elementor-cta__content\">\n\t\t\t\t\t\t\t\t\t<div class=\"elementor-content-item elementor-cta__content-item elementor-icon-wrapper elementor-cta__icon elementor-view-default\">\n\t\t\t\t\t\t<div class=\"elementor-icon\">\n\t\t\t\t\t\t\t<svg xmlns=\"http:\/\/www.w3.org\/2000\/svg\" id=\"Livello_1\" data-name=\"Livello 1\" viewBox=\"0 0 906.28 630.18\"><defs><style>.cls-1{fill:none;stroke:#878787;stroke-miterlimit:10;stroke-width:88.92px;}<\/style><\/defs><path class=\"cls-1\" d=\"M806.27,406.61c0,59.94-51.39,108.58-114.88,108.58S576.5,466.55,576.5,406.61,627.9,298,691.39,298,806.27,346.68,806.27,406.61ZM134,139.85H995.85V681.11H134\" transform=\"translate(-134.03 -95.39)\"><\/path><\/svg>\t\t\t\t\t\t<\/div>\n\t\t\t\t\t<\/div>\n\t\t\t\t\n\t\t\t\t\t\t\t\t\t<h5 class=\"elementor-cta__title elementor-cta__content-item elementor-content-item\">\n\t\t\t\t\t\tNASTRO\t\t\t\t\t<\/h5>\n\t\t\t\t\n\t\t\t\t\n\t\t\t\t\t\t\t<\/div>\n\t\t\t\t\t\t<\/a>\n\t\t\t\t<\/div>\n\t\t\t\t<\/div>\n\t\t\t\t\t<\/div>\n\t\t<\/div>\n\t\t\t\t<div class=\"elementor-column elementor-col-20 elementor-top-column elementor-element elementor-element-25dc923\" data-id=\"25dc923\" data-element_type=\"column\">\n\t\t\t<div class=\"elementor-widget-wrap elementor-element-populated\">\n\t\t\t\t\t\t<div class=\"elementor-element elementor-element-461af45 elementor-cta--skin-cover elementor-cta--valign-middle elementor-widget elementor-widget-call-to-action\" data-id=\"461af45\" data-element_type=\"widget\" data-widget_type=\"call-to-action.default\">\n\t\t\t\t<div class=\"elementor-widget-container\">\n\t\t\t\t\t<a class=\"elementor-cta\" href=\"https:\/\/omcg.com\/es\/accesorios\/\">\n\t\t\t\t\t<div class=\"elementor-cta__bg-wrapper\">\n\t\t\t\t<div class=\"elementor-cta__bg elementor-bg\" style=\"background-image: url();\" role=\"img\" aria-label=\"\"><\/div>\n\t\t\t\t<div class=\"elementor-cta__bg-overlay\"><\/div>\n\t\t\t<\/div>\n\t\t\t\t\t\t\t<div class=\"elementor-cta__content\">\n\t\t\t\t\t\t\t\t\t<div class=\"elementor-content-item elementor-cta__content-item elementor-icon-wrapper elementor-cta__icon elementor-view-default\">\n\t\t\t\t\t\t<div class=\"elementor-icon\">\n\t\t\t\t\t\t\t<svg xmlns=\"http:\/\/www.w3.org\/2000\/svg\" id=\"Livello_1\" data-name=\"Livello 1\" viewBox=\"0 0 827.83 701.43\"><defs><style>.cls-1{fill:none;stroke:#878787;stroke-miterlimit:10;stroke-width:94.09px;}<\/style><\/defs><path class=\"cls-1\" d=\"M577.54,227.52A126.48,126.48,0,0,1,451,101H273.92V278.13a126.51,126.51,0,1,0,0,253V708.35H881.15V101H704A126.48,126.48,0,0,1,577.54,227.52Z\" transform=\"translate(-100.37 -53.97)\"><\/path><\/svg>\t\t\t\t\t\t<\/div>\n\t\t\t\t\t<\/div>\n\t\t\t\t\n\t\t\t\t\t\t\t\t\t<h5 class=\"elementor-cta__title elementor-cta__content-item elementor-content-item\">\n\t\t\t\t\t\tACCESSORIOS\t\t\t\t\t<\/h5>\n\t\t\t\t\n\t\t\t\t\n\t\t\t\t\t\t\t<\/div>\n\t\t\t\t\t\t<\/a>\n\t\t\t\t<\/div>\n\t\t\t\t<\/div>\n\t\t\t\t\t<\/div>\n\t\t<\/div>\n\t\t\t\t<div class=\"elementor-column elementor-col-20 elementor-top-column elementor-element elementor-element-6869161\" data-id=\"6869161\" data-element_type=\"column\">\n\t\t\t<div class=\"elementor-widget-wrap elementor-element-populated\">\n\t\t\t\t\t\t<div class=\"elementor-element elementor-element-ff6c43a elementor-cta--skin-cover elementor-cta--valign-middle elementor-widget elementor-widget-call-to-action\" data-id=\"ff6c43a\" data-element_type=\"widget\" data-widget_type=\"call-to-action.default\">\n\t\t\t\t<div class=\"elementor-widget-container\">\n\t\t\t\t\t<a class=\"elementor-cta\" href=\"https:\/\/omcg.com\/es\/software\/\">\n\t\t\t\t\t<div class=\"elementor-cta__bg-wrapper\">\n\t\t\t\t<div class=\"elementor-cta__bg elementor-bg\" style=\"background-image: url();\" role=\"img\" aria-label=\"\"><\/div>\n\t\t\t\t<div class=\"elementor-cta__bg-overlay\"><\/div>\n\t\t\t<\/div>\n\t\t\t\t\t\t\t<div class=\"elementor-cta__content\">\n\t\t\t\t\t\t\t\t\t<div class=\"elementor-content-item elementor-cta__content-item elementor-icon-wrapper elementor-cta__icon elementor-view-default\">\n\t\t\t\t\t\t<div class=\"elementor-icon\">\n\t\t\t\t\t\t\t<svg xmlns=\"http:\/\/www.w3.org\/2000\/svg\" id=\"Livello_1\" data-name=\"Livello 1\" viewBox=\"0 0 596.9 474.9\"><defs><style>.cls-1{fill:none;stroke:#878787;stroke-miterlimit:10;stroke-width:55.83px;}<\/style><\/defs><path class=\"cls-1\" d=\"M185.48,451V84.5H726.55V424.31H185.48\" transform=\"translate(-157.57 -56.58)\"><\/path><line class=\"cls-1\" x1=\"215.42\" y1=\"394.46\" x2=\"381.48\" y2=\"394.46\"><\/line><line class=\"cls-1\" x1=\"113.04\" y1=\"446.98\" x2=\"483.87\" y2=\"446.98\"><\/line><\/svg>\t\t\t\t\t\t<\/div>\n\t\t\t\t\t<\/div>\n\t\t\t\t\n\t\t\t\t\t\t\t\t\t<h5 class=\"elementor-cta__title elementor-cta__content-item elementor-content-item\">\n\t\t\t\t\t\tSOFTWARE\t\t\t\t\t<\/h5>\n\t\t\t\t\n\t\t\t\t\n\t\t\t\t\t\t\t<\/div>\n\t\t\t\t\t\t<\/a>\n\t\t\t\t<\/div>\n\t\t\t\t<\/div>\n\t\t\t\t\t<\/div>\n\t\t<\/div>\n\t\t\t\t\t<\/div>\n\t\t<\/section>\n\t\t\t\t<\/div>\n\t\t","protected":false},"excerpt":{"rendered":"<p>XWA es la celda de trabajo para brazos de limpiador. El doble cabezal de doblado lo hace r\u00e1pido y permite una alta productividad. XRC es la celda de trabajo CNC para grapas de riel de ferrocarril. El formado en fr\u00edo reduce considerablemente el consumo de energ\u00eda durante el procesamiento; el cambio de herramental es r\u00e1pido&hellip; <a class=\"more-link\" href=\"https:\/\/omcg.com\/es\/maquinas-especiales\/\">Seguir leyendo <span class=\"screen-reader-text\">M\u00e1quinas especiales<\/span><\/a><\/p>\n","protected":false},"author":1,"featured_media":4579,"parent":0,"menu_order":0,"comment_status":"closed","ping_status":"closed","template":"elementor_header_footer","meta":{"footnotes":""},"class_list":["post-6119","page","type-page","status-publish","has-post-thumbnail","hentry","entry"],"_links":{"self":[{"href":"https:\/\/omcg.com\/es\/wp-json\/wp\/v2\/pages\/6119","targetHints":{"allow":["GET"]}}],"collection":[{"href":"https:\/\/omcg.com\/es\/wp-json\/wp\/v2\/pages"}],"about":[{"href":"https:\/\/omcg.com\/es\/wp-json\/wp\/v2\/types\/page"}],"author":[{"embeddable":true,"href":"https:\/\/omcg.com\/es\/wp-json\/wp\/v2\/users\/1"}],"replies":[{"embeddable":true,"href":"https:\/\/omcg.com\/es\/wp-json\/wp\/v2\/comments?post=6119"}],"version-history":[{"count":13,"href":"https:\/\/omcg.com\/es\/wp-json\/wp\/v2\/pages\/6119\/revisions"}],"predecessor-version":[{"id":7191,"href":"https:\/\/omcg.com\/es\/wp-json\/wp\/v2\/pages\/6119\/revisions\/7191"}],"wp:featuredmedia":[{"embeddable":true,"href":"https:\/\/omcg.com\/es\/wp-json\/wp\/v2\/media\/4579"}],"wp:attachment":[{"href":"https:\/\/omcg.com\/es\/wp-json\/wp\/v2\/media?parent=6119"}],"curies":[{"name":"wp","href":"https:\/\/api.w.org\/{rel}","templated":true}]}}