{"id":6091,"date":"2023-08-30T13:26:39","date_gmt":"2023-08-30T13:26:39","guid":{"rendered":"https:\/\/omcg.com\/alambre\/"},"modified":"2023-11-23T10:00:33","modified_gmt":"2023-11-23T10:00:33","slug":"alambre","status":"publish","type":"page","link":"https:\/\/omcg.com\/es\/alambre\/","title":{"rendered":"Alambre"},"content":{"rendered":"\t\t<div data-elementor-type=\"wp-page\" data-elementor-id=\"6091\" class=\"elementor elementor-6091 elementor-3051\" data-elementor-post-type=\"page\">\n\t\t\t\t\t\t<section class=\"elementor-section elementor-top-section elementor-element elementor-element-91c676e elementor-section-boxed elementor-section-height-default elementor-section-height-default\" data-id=\"91c676e\" data-element_type=\"section\" data-settings=\"{&quot;background_background&quot;:&quot;classic&quot;}\">\n\t\t\t\t\t\t\t<div class=\"elementor-background-overlay\"><\/div>\n\t\t\t\t\t\t\t<div class=\"elementor-container elementor-column-gap-default\">\n\t\t\t\t\t<div class=\"elementor-column elementor-col-100 elementor-top-column elementor-element elementor-element-cebe026\" data-id=\"cebe026\" data-element_type=\"column\">\n\t\t\t<div class=\"elementor-widget-wrap elementor-element-populated\">\n\t\t\t\t\t\t\t<\/div>\n\t\t<\/div>\n\t\t\t\t\t<\/div>\n\t\t<\/section>\n\t\t\t\t<section class=\"elementor-section elementor-top-section elementor-element elementor-element-29eb769 elementor-section-boxed elementor-section-height-default elementor-section-height-default\" data-id=\"29eb769\" data-element_type=\"section\" data-settings=\"{&quot;background_background&quot;:&quot;gradient&quot;}\">\n\t\t\t\t\t\t<div class=\"elementor-container elementor-column-gap-no\">\n\t\t\t\t\t<div class=\"elementor-column elementor-col-100 elementor-top-column elementor-element elementor-element-e404981\" data-id=\"e404981\" data-element_type=\"column\" data-settings=\"{&quot;background_background&quot;:&quot;classic&quot;}\">\n\t\t\t<div class=\"elementor-widget-wrap elementor-element-populated\">\n\t\t\t\t\t\t<div class=\"elementor-element elementor-element-71f9805 elementor-cta--skin-cover macchine elementor-cta--valign-bottom elementor-animated-content elementor-widget elementor-widget-call-to-action\" data-id=\"71f9805\" data-element_type=\"widget\" data-widget_type=\"call-to-action.default\">\n\t\t\t\t<div class=\"elementor-widget-container\">\n\t\t\t\t\t<a class=\"elementor-cta\" href=\"https:\/\/omcg.com\/es\/alambre\/minimalist-6\/\">\n\t\t\t\t\t<div class=\"elementor-cta__bg-wrapper\">\n\t\t\t\t<div class=\"elementor-cta__bg elementor-bg\" style=\"background-image: url();\" role=\"img\" aria-label=\"\"><\/div>\n\t\t\t\t<div class=\"elementor-cta__bg-overlay\"><\/div>\n\t\t\t<\/div>\n\t\t\t\t\t\t\t<div class=\"elementor-cta__content\">\n\t\t\t\t\t\t\t\t\t<div class=\"elementor-content-item elementor-cta__content-item elementor-cta__image elementor-animated-item--move-right\">\n\t\t\t\t\t\t<img fetchpriority=\"high\" decoding=\"async\" width=\"1000\" height=\"400\" src=\"https:\/\/omcg.com\/wp-content\/uploads\/2023\/10\/MIN_6.jpg\" class=\"attachment-full size-full wp-image-5276\" alt=\"\" srcset=\"https:\/\/omcg.com\/wp-content\/uploads\/2023\/10\/MIN_6.jpg 1000w, https:\/\/omcg.com\/wp-content\/uploads\/2023\/10\/MIN_6-300x120.jpg 300w, https:\/\/omcg.com\/wp-content\/uploads\/2023\/10\/MIN_6-768x307.jpg 768w\" sizes=\"(max-width: 1000px) 100vw, 1000px\" style=\"width:100%;height:40%;max-width:1000px\" \/>\t\t\t\t\t<\/div>\n\t\t\t\t\n\t\t\t\t\n\t\t\t\t\t\t\t\t\t<div class=\"elementor-cta__description elementor-cta__content-item elementor-content-item elementor-animated-item--move-right\">\n\t\t\t\t\t\t<p>El modelo m\u00e1s r\u00e1pido gracias al avance frontal instalado en el brazo.<br \/>\nPara los di\u00e1metros de alambre m\u00e1s peque\u00f1os, de 2 a 6.35 mm.<\/p>\n\t\t\t\t\t<\/div>\n\t\t\t\t\n\t\t\t\t\t\t\t<\/div>\n\t\t\t\t\t\t<\/a>\n\t\t\t\t<\/div>\n\t\t\t\t<\/div>\n\t\t\t\t\t<\/div>\n\t\t<\/div>\n\t\t\t\t\t<\/div>\n\t\t<\/section>\n\t\t\t\t<section class=\"elementor-section elementor-top-section elementor-element elementor-element-0bec7d0 elementor-section-boxed elementor-section-height-default elementor-section-height-default\" data-id=\"0bec7d0\" data-element_type=\"section\" data-settings=\"{&quot;background_background&quot;:&quot;gradient&quot;}\">\n\t\t\t\t\t\t<div class=\"elementor-container elementor-column-gap-no\">\n\t\t\t\t\t<div class=\"elementor-column elementor-col-100 elementor-top-column elementor-element elementor-element-2d3e5d4\" data-id=\"2d3e5d4\" data-element_type=\"column\" data-settings=\"{&quot;background_background&quot;:&quot;classic&quot;}\">\n\t\t\t<div class=\"elementor-widget-wrap elementor-element-populated\">\n\t\t\t\t\t<div class=\"elementor-background-overlay\"><\/div>\n\t\t\t\t\t\t<div class=\"elementor-element elementor-element-0fec80e elementor-cta--skin-cover macchine elementor-cta--valign-bottom elementor-animated-content elementor-widget elementor-widget-call-to-action\" data-id=\"0fec80e\" data-element_type=\"widget\" data-widget_type=\"call-to-action.default\">\n\t\t\t\t<div class=\"elementor-widget-container\">\n\t\t\t\t\t<a class=\"elementor-cta\" href=\"https:\/\/omcg.com\/es\/alambre\/c61b-8\/\">\n\t\t\t\t\t<div class=\"elementor-cta__bg-wrapper\">\n\t\t\t\t<div class=\"elementor-cta__bg elementor-bg\" style=\"background-image: url();\" role=\"img\" aria-label=\"\"><\/div>\n\t\t\t\t<div class=\"elementor-cta__bg-overlay\"><\/div>\n\t\t\t<\/div>\n\t\t\t\t\t\t\t<div class=\"elementor-cta__content\">\n\t\t\t\t\t\t\t\t\t<div class=\"elementor-content-item elementor-cta__content-item elementor-cta__image elementor-animated-item--move-right\">\n\t\t\t\t\t\t<img decoding=\"async\" width=\"1000\" height=\"400\" src=\"https:\/\/omcg.com\/wp-content\/uploads\/2023\/10\/C61B8_DEF.jpg\" class=\"attachment-full size-full wp-image-5282\" alt=\"\" srcset=\"https:\/\/omcg.com\/wp-content\/uploads\/2023\/10\/C61B8_DEF.jpg 1000w, https:\/\/omcg.com\/wp-content\/uploads\/2023\/10\/C61B8_DEF-300x120.jpg 300w, https:\/\/omcg.com\/wp-content\/uploads\/2023\/10\/C61B8_DEF-768x307.jpg 768w\" sizes=\"(max-width: 1000px) 100vw, 1000px\" style=\"width:100%;height:40%;max-width:1000px\" \/>\t\t\t\t\t<\/div>\n\t\t\t\t\n\t\t\t\t\n\t\t\t\t\t\t\t\t\t<div class=\"elementor-cta__description elementor-cta__content-item elementor-content-item elementor-animated-item--move-right\">\n\t\t\t\t\t\t<p>Nuestro modelo m\u00e1s popular y apreciado en el mundo. <br \/>\nPara di\u00e1metros de alambre de 2 a 8 mm.<\/p>\n\t\t\t\t\t<\/div>\n\t\t\t\t\n\t\t\t\t\t\t\t<\/div>\n\t\t\t\t\t\t<\/a>\n\t\t\t\t<\/div>\n\t\t\t\t<\/div>\n\t\t\t\t\t<\/div>\n\t\t<\/div>\n\t\t\t\t\t<\/div>\n\t\t<\/section>\n\t\t\t\t<section class=\"elementor-section elementor-top-section elementor-element elementor-element-03925fe elementor-section-boxed elementor-section-height-default elementor-section-height-default\" data-id=\"03925fe\" data-element_type=\"section\" data-settings=\"{&quot;background_background&quot;:&quot;gradient&quot;}\">\n\t\t\t\t\t\t<div class=\"elementor-container elementor-column-gap-no\">\n\t\t\t\t\t<div class=\"elementor-column elementor-col-100 elementor-top-column elementor-element elementor-element-11bc657\" data-id=\"11bc657\" data-element_type=\"column\" data-settings=\"{&quot;background_background&quot;:&quot;classic&quot;}\">\n\t\t\t<div class=\"elementor-widget-wrap elementor-element-populated\">\n\t\t\t\t\t<div class=\"elementor-background-overlay\"><\/div>\n\t\t\t\t\t\t<div class=\"elementor-element elementor-element-3eb4065 elementor-cta--skin-cover macchine elementor-cta--valign-bottom elementor-animated-content elementor-widget elementor-widget-call-to-action\" data-id=\"3eb4065\" data-element_type=\"widget\" data-widget_type=\"call-to-action.default\">\n\t\t\t\t<div class=\"elementor-widget-container\">\n\t\t\t\t\t<a class=\"elementor-cta\" href=\"https:\/\/omcg.com\/es\/alambre\/c31e\/\">\n\t\t\t\t\t<div class=\"elementor-cta__bg-wrapper\">\n\t\t\t\t<div class=\"elementor-cta__bg elementor-bg\" style=\"background-image: url();\" role=\"img\" aria-label=\"\"><\/div>\n\t\t\t\t<div class=\"elementor-cta__bg-overlay\"><\/div>\n\t\t\t<\/div>\n\t\t\t\t\t\t\t<div class=\"elementor-cta__content\">\n\t\t\t\t\t\t\t\t\t<div class=\"elementor-content-item elementor-cta__content-item elementor-cta__image elementor-animated-item--move-right\">\n\t\t\t\t\t\t<img decoding=\"async\" width=\"1000\" height=\"400\" src=\"https:\/\/omcg.com\/wp-content\/uploads\/2023\/10\/C31E_D3.jpg\" class=\"attachment-full size-full wp-image-5297\" alt=\"\" srcset=\"https:\/\/omcg.com\/wp-content\/uploads\/2023\/10\/C31E_D3.jpg 1000w, https:\/\/omcg.com\/wp-content\/uploads\/2023\/10\/C31E_D3-300x120.jpg 300w, https:\/\/omcg.com\/wp-content\/uploads\/2023\/10\/C31E_D3-768x307.jpg 768w\" sizes=\"(max-width: 1000px) 100vw, 1000px\" style=\"width:100%;height:40%;max-width:1000px\" \/>\t\t\t\t\t<\/div>\n\t\t\t\t\n\t\t\t\t\n\t\t\t\t\t\t\t\t\t<div class=\"elementor-cta__description elementor-cta__content-item elementor-content-item elementor-animated-item--move-right\">\n\t\t\t\t\t\t<p>El modelo m\u00e1s flexible gracias a su innovador cabezal exc\u00e9ntrico. <br \/>\nDisponible en tres versiones para diametros de alambre de 3 a 18 mm y en tres versiones para tubo hasta 16x3 mm.<\/p>\n\t\t\t\t\t<\/div>\n\t\t\t\t\n\t\t\t\t\t\t\t<\/div>\n\t\t\t\t\t\t<\/a>\n\t\t\t\t<\/div>\n\t\t\t\t<\/div>\n\t\t\t\t\t<\/div>\n\t\t<\/div>\n\t\t\t\t\t<\/div>\n\t\t<\/section>\n\t\t\t\t<section class=\"elementor-section elementor-top-section elementor-element elementor-element-09d4bcc elementor-section-boxed elementor-section-height-default elementor-section-height-default\" data-id=\"09d4bcc\" data-element_type=\"section\" data-settings=\"{&quot;background_background&quot;:&quot;gradient&quot;}\">\n\t\t\t\t\t\t<div class=\"elementor-container elementor-column-gap-no\">\n\t\t\t\t\t<div class=\"elementor-column elementor-col-100 elementor-top-column elementor-element elementor-element-7ed2696\" data-id=\"7ed2696\" data-element_type=\"column\" data-settings=\"{&quot;background_background&quot;:&quot;classic&quot;}\">\n\t\t\t<div class=\"elementor-widget-wrap elementor-element-populated\">\n\t\t\t\t\t<div class=\"elementor-background-overlay\"><\/div>\n\t\t\t\t\t\t<div class=\"elementor-element elementor-element-c14a7f6 elementor-cta--skin-cover macchine elementor-cta--valign-bottom elementor-animated-content elementor-widget elementor-widget-call-to-action\" data-id=\"c14a7f6\" data-element_type=\"widget\" data-widget_type=\"call-to-action.default\">\n\t\t\t\t<div class=\"elementor-widget-container\">\n\t\t\t\t\t<a class=\"elementor-cta\" href=\"\/saldatrici\/sar\">\n\t\t\t\t\t<div class=\"elementor-cta__bg-wrapper\">\n\t\t\t\t<div class=\"elementor-cta__bg elementor-bg\" style=\"background-image: url();\" role=\"img\" aria-label=\"\"><\/div>\n\t\t\t\t<div class=\"elementor-cta__bg-overlay\"><\/div>\n\t\t\t<\/div>\n\t\t\t\t\t\t\t<div class=\"elementor-cta__content\">\n\t\t\t\t\t\t\t\t\t<div class=\"elementor-content-item elementor-cta__content-item elementor-cta__image elementor-animated-item--move-right\">\n\t\t\t\t\t\t<img loading=\"lazy\" decoding=\"async\" width=\"1000\" height=\"400\" src=\"https:\/\/omcg.com\/wp-content\/uploads\/2023\/10\/turbobender_20_D.jpg\" class=\"attachment-full size-full wp-image-5371\" alt=\"\" srcset=\"https:\/\/omcg.com\/wp-content\/uploads\/2023\/10\/turbobender_20_D.jpg 1000w, https:\/\/omcg.com\/wp-content\/uploads\/2023\/10\/turbobender_20_D-300x120.jpg 300w, https:\/\/omcg.com\/wp-content\/uploads\/2023\/10\/turbobender_20_D-768x307.jpg 768w\" sizes=\"(max-width: 1000px) 100vw, 1000px\" style=\"width:100%;height:40%;max-width:1000px\" \/>\t\t\t\t\t<\/div>\n\t\t\t\t\n\t\t\t\t\n\t\t\t\t\t\t\t\t\t<div class=\"elementor-cta__description elementor-cta__content-item elementor-content-item elementor-animated-item--move-right\">\n\t\t\t\t\t\t<p>lorem ipsum<\/p>\n\t\t\t\t\t<\/div>\n\t\t\t\t\n\t\t\t\t\t\t\t<\/div>\n\t\t\t\t\t\t<\/a>\n\t\t\t\t<\/div>\n\t\t\t\t<\/div>\n\t\t\t\t\t<\/div>\n\t\t<\/div>\n\t\t\t\t\t<\/div>\n\t\t<\/section>\n\t\t\t\t<section class=\"elementor-section elementor-top-section elementor-element elementor-element-f759ca9 elementor-section-boxed elementor-section-height-default elementor-section-height-default\" data-id=\"f759ca9\" data-element_type=\"section\" data-settings=\"{&quot;background_background&quot;:&quot;classic&quot;}\">\n\t\t\t\t\t\t<div class=\"elementor-container elementor-column-gap-no\">\n\t\t\t\t\t<div class=\"elementor-column elementor-col-20 elementor-top-column elementor-element elementor-element-c0e8f3c\" data-id=\"c0e8f3c\" data-element_type=\"column\">\n\t\t\t<div class=\"elementor-widget-wrap elementor-element-populated\">\n\t\t\t\t\t\t<div class=\"elementor-element elementor-element-71c146c elementor-cta--skin-cover elementor-cta--valign-middle elementor-widget elementor-widget-call-to-action\" data-id=\"71c146c\" data-element_type=\"widget\" data-widget_type=\"call-to-action.default\">\n\t\t\t\t<div class=\"elementor-widget-container\">\n\t\t\t\t\t<a class=\"elementor-cta\" href=\"https:\/\/omcg.com\/tubo\/\">\n\t\t\t\t\t<div class=\"elementor-cta__bg-wrapper\">\n\t\t\t\t<div class=\"elementor-cta__bg elementor-bg\" style=\"background-image: url();\" role=\"img\" aria-label=\"\"><\/div>\n\t\t\t\t<div class=\"elementor-cta__bg-overlay\"><\/div>\n\t\t\t<\/div>\n\t\t\t\t\t\t\t<div class=\"elementor-cta__content\">\n\t\t\t\t\t\t\t\t\t<div class=\"elementor-content-item elementor-cta__content-item elementor-icon-wrapper elementor-cta__icon elementor-view-default\">\n\t\t\t\t\t\t<div class=\"elementor-icon\">\n\t\t\t\t\t\t\t<svg xmlns=\"http:\/\/www.w3.org\/2000\/svg\" id=\"Livello_1\" data-name=\"Livello 1\" viewBox=\"0 0 906.67 635.69\"><defs><style>.cls-1{fill:none;stroke:#878787;stroke-miterlimit:10;stroke-width:89.7px;}<\/style><\/defs><path class=\"cls-1\" d=\"M806.23,685.75H134m672.2-545.9H134m669.33,546c-106.29,0-192.49-122.26-192.49-273s86.2-273,192.49-273,192.49,122.26,192.49,273S909.65,685.84,803.36,685.84Z\" transform=\"translate(-134.03 -95)\"><\/path><\/svg>\t\t\t\t\t\t<\/div>\n\t\t\t\t\t<\/div>\n\t\t\t\t\n\t\t\t\t\t\t\t\t\t<h5 class=\"elementor-cta__title elementor-cta__content-item elementor-content-item\">\n\t\t\t\t\t\tTubo\t\t\t\t\t<\/h5>\n\t\t\t\t\n\t\t\t\t\n\t\t\t\t\t\t\t<\/div>\n\t\t\t\t\t\t<\/a>\n\t\t\t\t<\/div>\n\t\t\t\t<\/div>\n\t\t\t\t\t<\/div>\n\t\t<\/div>\n\t\t\t\t<div class=\"elementor-column elementor-col-20 elementor-top-column elementor-element elementor-element-74d7998\" data-id=\"74d7998\" data-element_type=\"column\">\n\t\t\t<div class=\"elementor-widget-wrap elementor-element-populated\">\n\t\t\t\t\t\t<div class=\"elementor-element elementor-element-fc51b9f elementor-cta--skin-cover elementor-cta--valign-middle elementor-widget elementor-widget-call-to-action\" data-id=\"fc51b9f\" data-element_type=\"widget\" data-widget_type=\"call-to-action.default\">\n\t\t\t\t<div class=\"elementor-widget-container\">\n\t\t\t\t\t<a class=\"elementor-cta\" href=\"https:\/\/omcg.com\/nastro\/\">\n\t\t\t\t\t<div class=\"elementor-cta__bg-wrapper\">\n\t\t\t\t<div class=\"elementor-cta__bg elementor-bg\" style=\"background-image: url();\" role=\"img\" aria-label=\"\"><\/div>\n\t\t\t\t<div class=\"elementor-cta__bg-overlay\"><\/div>\n\t\t\t<\/div>\n\t\t\t\t\t\t\t<div class=\"elementor-cta__content\">\n\t\t\t\t\t\t\t\t\t<div class=\"elementor-content-item elementor-cta__content-item elementor-icon-wrapper elementor-cta__icon elementor-view-default\">\n\t\t\t\t\t\t<div class=\"elementor-icon\">\n\t\t\t\t\t\t\t<svg xmlns=\"http:\/\/www.w3.org\/2000\/svg\" id=\"Livello_1\" data-name=\"Livello 1\" viewBox=\"0 0 906.28 630.18\"><defs><style>.cls-1{fill:none;stroke:#878787;stroke-miterlimit:10;stroke-width:88.92px;}<\/style><\/defs><path class=\"cls-1\" d=\"M806.27,406.61c0,59.94-51.39,108.58-114.88,108.58S576.5,466.55,576.5,406.61,627.9,298,691.39,298,806.27,346.68,806.27,406.61ZM134,139.85H995.85V681.11H134\" transform=\"translate(-134.03 -95.39)\"><\/path><\/svg>\t\t\t\t\t\t<\/div>\n\t\t\t\t\t<\/div>\n\t\t\t\t\n\t\t\t\t\t\t\t\t\t<h5 class=\"elementor-cta__title elementor-cta__content-item elementor-content-item\">\n\t\t\t\t\t\tNASTRO\t\t\t\t\t<\/h5>\n\t\t\t\t\n\t\t\t\t\n\t\t\t\t\t\t\t<\/div>\n\t\t\t\t\t\t<\/a>\n\t\t\t\t<\/div>\n\t\t\t\t<\/div>\n\t\t\t\t\t<\/div>\n\t\t<\/div>\n\t\t\t\t<div class=\"elementor-column elementor-col-20 elementor-top-column elementor-element elementor-element-ae4f824\" data-id=\"ae4f824\" data-element_type=\"column\">\n\t\t\t<div class=\"elementor-widget-wrap elementor-element-populated\">\n\t\t\t\t\t\t<div class=\"elementor-element elementor-element-7a7a065 elementor-cta--skin-cover elementor-cta--valign-middle elementor-widget elementor-widget-call-to-action\" data-id=\"7a7a065\" data-element_type=\"widget\" data-widget_type=\"call-to-action.default\">\n\t\t\t\t<div class=\"elementor-widget-container\">\n\t\t\t\t\t<a class=\"elementor-cta\" href=\"https:\/\/omcg.com\/macchine-speciali\/\">\n\t\t\t\t\t<div class=\"elementor-cta__bg-wrapper\">\n\t\t\t\t<div class=\"elementor-cta__bg elementor-bg\" style=\"background-image: url();\" role=\"img\" aria-label=\"\"><\/div>\n\t\t\t\t<div class=\"elementor-cta__bg-overlay\"><\/div>\n\t\t\t<\/div>\n\t\t\t\t\t\t\t<div class=\"elementor-cta__content\">\n\t\t\t\t\t\t\t\t\t<div class=\"elementor-content-item elementor-cta__content-item elementor-icon-wrapper elementor-cta__icon elementor-view-default\">\n\t\t\t\t\t\t<div class=\"elementor-icon\">\n\t\t\t\t\t\t\t<svg xmlns=\"http:\/\/www.w3.org\/2000\/svg\" id=\"Livello_1\" data-name=\"Livello 1\" viewBox=\"0 0 975.72 764.85\"><defs><style>.cls-1{fill:none;stroke:#878787;stroke-miterlimit:10;stroke-width:168.92px;}<\/style><\/defs><polygon class=\"cls-1\" points=\"207.39 84.46 768.34 84.46 870.38 262.96 487.93 645.41 105.35 262.96 207.39 84.46\"><\/polygon><\/svg>\t\t\t\t\t\t<\/div>\n\t\t\t\t\t<\/div>\n\t\t\t\t\n\t\t\t\t\t\t\t\t\t<h5 class=\"elementor-cta__title elementor-cta__content-item elementor-content-item\">\n\t\t\t\t\t\tM\u00e1quinas especiales\t\t\t\t\t<\/h5>\n\t\t\t\t\n\t\t\t\t\n\t\t\t\t\t\t\t<\/div>\n\t\t\t\t\t\t<\/a>\n\t\t\t\t<\/div>\n\t\t\t\t<\/div>\n\t\t\t\t\t<\/div>\n\t\t<\/div>\n\t\t\t\t<div class=\"elementor-column elementor-col-20 elementor-top-column elementor-element elementor-element-da295a1\" data-id=\"da295a1\" data-element_type=\"column\">\n\t\t\t<div class=\"elementor-widget-wrap elementor-element-populated\">\n\t\t\t\t\t\t<div class=\"elementor-element elementor-element-30eb932 elementor-cta--skin-cover elementor-cta--valign-middle elementor-widget elementor-widget-call-to-action\" data-id=\"30eb932\" data-element_type=\"widget\" data-widget_type=\"call-to-action.default\">\n\t\t\t\t<div class=\"elementor-widget-container\">\n\t\t\t\t\t<a class=\"elementor-cta\" href=\"https:\/\/omcg.com\/es\/accesorios\/\">\n\t\t\t\t\t<div class=\"elementor-cta__bg-wrapper\">\n\t\t\t\t<div class=\"elementor-cta__bg elementor-bg\" style=\"background-image: url();\" role=\"img\" aria-label=\"\"><\/div>\n\t\t\t\t<div class=\"elementor-cta__bg-overlay\"><\/div>\n\t\t\t<\/div>\n\t\t\t\t\t\t\t<div class=\"elementor-cta__content\">\n\t\t\t\t\t\t\t\t\t<div class=\"elementor-content-item elementor-cta__content-item elementor-icon-wrapper elementor-cta__icon elementor-view-default\">\n\t\t\t\t\t\t<div class=\"elementor-icon\">\n\t\t\t\t\t\t\t<svg xmlns=\"http:\/\/www.w3.org\/2000\/svg\" id=\"Livello_1\" data-name=\"Livello 1\" viewBox=\"0 0 827.83 701.43\"><defs><style>.cls-1{fill:none;stroke:#878787;stroke-miterlimit:10;stroke-width:94.09px;}<\/style><\/defs><path class=\"cls-1\" d=\"M577.54,227.52A126.48,126.48,0,0,1,451,101H273.92V278.13a126.51,126.51,0,1,0,0,253V708.35H881.15V101H704A126.48,126.48,0,0,1,577.54,227.52Z\" transform=\"translate(-100.37 -53.97)\"><\/path><\/svg>\t\t\t\t\t\t<\/div>\n\t\t\t\t\t<\/div>\n\t\t\t\t\n\t\t\t\t\t\t\t\t\t<h5 class=\"elementor-cta__title elementor-cta__content-item elementor-content-item\">\n\t\t\t\t\t\tACCESSORIOS\t\t\t\t\t<\/h5>\n\t\t\t\t\n\t\t\t\t\n\t\t\t\t\t\t\t<\/div>\n\t\t\t\t\t\t<\/a>\n\t\t\t\t<\/div>\n\t\t\t\t<\/div>\n\t\t\t\t\t<\/div>\n\t\t<\/div>\n\t\t\t\t<div class=\"elementor-column elementor-col-20 elementor-top-column elementor-element elementor-element-f456e0a\" data-id=\"f456e0a\" data-element_type=\"column\">\n\t\t\t<div class=\"elementor-widget-wrap elementor-element-populated\">\n\t\t\t\t\t\t<div class=\"elementor-element elementor-element-d35529a elementor-cta--skin-cover elementor-cta--valign-middle elementor-widget elementor-widget-call-to-action\" data-id=\"d35529a\" data-element_type=\"widget\" data-widget_type=\"call-to-action.default\">\n\t\t\t\t<div class=\"elementor-widget-container\">\n\t\t\t\t\t<a class=\"elementor-cta\" href=\"https:\/\/omcg.com\/es\/software\/\">\n\t\t\t\t\t<div class=\"elementor-cta__bg-wrapper\">\n\t\t\t\t<div class=\"elementor-cta__bg elementor-bg\" style=\"background-image: url();\" role=\"img\" aria-label=\"\"><\/div>\n\t\t\t\t<div class=\"elementor-cta__bg-overlay\"><\/div>\n\t\t\t<\/div>\n\t\t\t\t\t\t\t<div class=\"elementor-cta__content\">\n\t\t\t\t\t\t\t\t\t<div class=\"elementor-content-item elementor-cta__content-item elementor-icon-wrapper elementor-cta__icon elementor-view-default\">\n\t\t\t\t\t\t<div class=\"elementor-icon\">\n\t\t\t\t\t\t\t<svg xmlns=\"http:\/\/www.w3.org\/2000\/svg\" id=\"Livello_1\" data-name=\"Livello 1\" viewBox=\"0 0 596.9 474.9\"><defs><style>.cls-1{fill:none;stroke:#878787;stroke-miterlimit:10;stroke-width:55.83px;}<\/style><\/defs><path class=\"cls-1\" d=\"M185.48,451V84.5H726.55V424.31H185.48\" transform=\"translate(-157.57 -56.58)\"><\/path><line class=\"cls-1\" x1=\"215.42\" y1=\"394.46\" x2=\"381.48\" y2=\"394.46\"><\/line><line class=\"cls-1\" x1=\"113.04\" y1=\"446.98\" x2=\"483.87\" y2=\"446.98\"><\/line><\/svg>\t\t\t\t\t\t<\/div>\n\t\t\t\t\t<\/div>\n\t\t\t\t\n\t\t\t\t\t\t\t\t\t<h5 class=\"elementor-cta__title elementor-cta__content-item elementor-content-item\">\n\t\t\t\t\t\tSOFTWARE\t\t\t\t\t<\/h5>\n\t\t\t\t\n\t\t\t\t\n\t\t\t\t\t\t\t<\/div>\n\t\t\t\t\t\t<\/a>\n\t\t\t\t<\/div>\n\t\t\t\t<\/div>\n\t\t\t\t\t<\/div>\n\t\t<\/div>\n\t\t\t\t\t<\/div>\n\t\t<\/section>\n\t\t\t\t<\/div>\n\t\t","protected":false},"excerpt":{"rendered":"<p>El modelo m\u00e1s r\u00e1pido gracias al avance frontal instalado en el brazo. Para los di\u00e1metros de alambre m\u00e1s peque\u00f1os, de 2 a 6.35 mm. Nuestro modelo m\u00e1s popular y apreciado en el mundo. Para di\u00e1metros de alambre de 2 a 8 mm. El modelo m\u00e1s flexible gracias a su innovador cabezal exc\u00e9ntrico. Disponible en tres&hellip; <a class=\"more-link\" href=\"https:\/\/omcg.com\/es\/alambre\/\">Seguir leyendo <span class=\"screen-reader-text\">Alambre<\/span><\/a><\/p>\n","protected":false},"author":1,"featured_media":4579,"parent":0,"menu_order":0,"comment_status":"closed","ping_status":"closed","template":"elementor_header_footer","meta":{"footnotes":""},"class_list":["post-6091","page","type-page","status-publish","has-post-thumbnail","hentry","entry"],"_links":{"self":[{"href":"https:\/\/omcg.com\/es\/wp-json\/wp\/v2\/pages\/6091","targetHints":{"allow":["GET"]}}],"collection":[{"href":"https:\/\/omcg.com\/es\/wp-json\/wp\/v2\/pages"}],"about":[{"href":"https:\/\/omcg.com\/es\/wp-json\/wp\/v2\/types\/page"}],"author":[{"embeddable":true,"href":"https:\/\/omcg.com\/es\/wp-json\/wp\/v2\/users\/1"}],"replies":[{"embeddable":true,"href":"https:\/\/omcg.com\/es\/wp-json\/wp\/v2\/comments?post=6091"}],"version-history":[{"count":19,"href":"https:\/\/omcg.com\/es\/wp-json\/wp\/v2\/pages\/6091\/revisions"}],"predecessor-version":[{"id":7188,"href":"https:\/\/omcg.com\/es\/wp-json\/wp\/v2\/pages\/6091\/revisions\/7188"}],"wp:featuredmedia":[{"embeddable":true,"href":"https:\/\/omcg.com\/es\/wp-json\/wp\/v2\/media\/4579"}],"wp:attachment":[{"href":"https:\/\/omcg.com\/es\/wp-json\/wp\/v2\/media?parent=6091"}],"curies":[{"name":"wp","href":"https:\/\/api.w.org\/{rel}","templated":true}]}}