{"id":7117,"date":"2023-11-15T15:37:56","date_gmt":"2023-11-15T15:37:56","guid":{"rendered":"https:\/\/omcg.com\/dienstleistungen\/"},"modified":"2023-11-22T16:11:14","modified_gmt":"2023-11-22T16:11:14","slug":"dienstleistungen","status":"publish","type":"page","link":"https:\/\/omcg.com\/de\/dienstleistungen-2\/dienstleistungen\/","title":{"rendered":"Technischer Support"},"content":{"rendered":"\t\t<div data-elementor-type=\"wp-page\" data-elementor-id=\"7117\" class=\"elementor elementor-7117 elementor-6383\" data-elementor-post-type=\"page\">\n\t\t\t\t\t\t<section class=\"elementor-section elementor-top-section elementor-element elementor-element-5a08adc elementor-section-boxed elementor-section-height-default elementor-section-height-default\" data-id=\"5a08adc\" data-element_type=\"section\" data-settings=\"{&quot;background_background&quot;:&quot;classic&quot;}\">\n\t\t\t\t\t\t\t<div class=\"elementor-background-overlay\"><\/div>\n\t\t\t\t\t\t\t<div class=\"elementor-container elementor-column-gap-default\">\n\t\t\t\t\t<div class=\"elementor-column elementor-col-100 elementor-top-column elementor-element elementor-element-c8b7bb0\" data-id=\"c8b7bb0\" data-element_type=\"column\">\n\t\t\t<div class=\"elementor-widget-wrap elementor-element-populated\">\n\t\t\t\t\t\t\t<\/div>\n\t\t<\/div>\n\t\t\t\t\t<\/div>\n\t\t<\/section>\n\t\t\t\t<section class=\"elementor-section elementor-top-section elementor-element elementor-element-bbca12c elementor-section-boxed elementor-section-height-default elementor-section-height-default\" data-id=\"bbca12c\" data-element_type=\"section\">\n\t\t\t\t\t\t<div class=\"elementor-container elementor-column-gap-default\">\n\t\t\t\t\t<div class=\"elementor-column elementor-col-100 elementor-top-column elementor-element elementor-element-4b96c94\" data-id=\"4b96c94\" data-element_type=\"column\">\n\t\t\t<div class=\"elementor-widget-wrap elementor-element-populated\">\n\t\t\t\t\t\t<div class=\"elementor-element elementor-element-fc4093d elementor-widget elementor-widget-spacer\" data-id=\"fc4093d\" data-element_type=\"widget\" data-widget_type=\"spacer.default\">\n\t\t\t\t<div class=\"elementor-widget-container\">\n\t\t\t\t\t<div class=\"elementor-spacer\">\n\t\t\t<div class=\"elementor-spacer-inner\"><\/div>\n\t\t<\/div>\n\t\t\t\t<\/div>\n\t\t\t\t<\/div>\n\t\t\t\t\t<\/div>\n\t\t<\/div>\n\t\t\t\t\t<\/div>\n\t\t<\/section>\n\t\t\t\t<section class=\"elementor-section elementor-top-section elementor-element elementor-element-81493ea elementor-section-boxed elementor-section-height-default elementor-section-height-default\" data-id=\"81493ea\" data-element_type=\"section\">\n\t\t\t\t\t\t<div class=\"elementor-container elementor-column-gap-default\">\n\t\t\t\t\t<div class=\"elementor-column elementor-col-100 elementor-top-column elementor-element elementor-element-5afa40c\" data-id=\"5afa40c\" data-element_type=\"column\">\n\t\t\t<div class=\"elementor-widget-wrap elementor-element-populated\">\n\t\t\t\t\t\t<div class=\"elementor-element elementor-element-60b9340 elementor-vertical-align-bottom elementor-widget__width-auto underline elementor-widget elementor-widget-icon-box\" data-id=\"60b9340\" data-element_type=\"widget\" data-widget_type=\"icon-box.default\">\n\t\t\t\t<div class=\"elementor-widget-container\">\n\t\t\t\t\t<div class=\"elementor-icon-box-wrapper\">\n\n\t\t\t\n\t\t\t\t\t\t<div class=\"elementor-icon-box-content\">\n\n\t\t\t\t\t\t\t\t\t<h3 class=\"elementor-icon-box-title\">\n\t\t\t\t\t\t<span  >\n\t\t\t\t\t\t\t<h1>TELESERVICE MITTELS REMOTEVERBINDUNG<\/h1>\t\t\t\t\t\t<\/span>\n\t\t\t\t\t<\/h3>\n\t\t\t\t\n\t\t\t\t\n\t\t\t<\/div>\n\t\t\t\n\t\t<\/div>\n\t\t\t\t<\/div>\n\t\t\t\t<\/div>\n\t\t\t\t\t<\/div>\n\t\t<\/div>\n\t\t\t\t\t<\/div>\n\t\t<\/section>\n\t\t\t\t<section class=\"elementor-section elementor-top-section elementor-element elementor-element-b2fd0c2 elementor-section-boxed elementor-section-height-default elementor-section-height-default\" data-id=\"b2fd0c2\" data-element_type=\"section\">\n\t\t\t\t\t\t<div class=\"elementor-container elementor-column-gap-default\">\n\t\t\t\t\t<div class=\"elementor-column elementor-col-100 elementor-top-column elementor-element elementor-element-7afa8c7\" data-id=\"7afa8c7\" data-element_type=\"column\">\n\t\t\t<div class=\"elementor-widget-wrap elementor-element-populated\">\n\t\t\t\t\t\t<div class=\"elementor-element elementor-element-3236a3d elementor-widget elementor-widget-text-editor\" data-id=\"3236a3d\" data-element_type=\"widget\" data-widget_type=\"text-editor.default\">\n\t\t\t\t<div class=\"elementor-widget-container\">\n\t\t\t\t\t\t\t<p>OMCG bietet eine on-line Ferndiagnose, die \u00fcber eine Hochgeschwindigkeits-Internetverbindung funktioniert. Jede Maschine ist mit einem PC ausgestattet, der diese Funktionalit\u00e4t anbietet. Der PC kann mit einem Ethernet Anschluss f\u00fcr die kabelgebundene Verbindung zu Ihrem Netzwerk oder mit einer wireless Funkkarte zur Verbindung an Ihrem wireless Internet System eingerichtet werden.<\/p>\n<p>Wenn Probleme auftreten, aktivieren Sie einfach die Verbindung und informieren Sie unsere Mitarbeiter \u00fcber die Situation. Mit einer handels\u00fcblichen Standardsoftware k\u00f6nnen unsere Techniker auf den PC Ihrer Maschine Zugang haben und k\u00f6nnen \u00fcber die Hochgeschwindigkeitsverbindung das Problem in Echtzeit zu erkennen und L\u00f6sungen finden zur Vermeidung der Verz\u00f6gerungen die an die Zusendung eines Technikers in Ihre Firma gebunden ist.<\/p>\n\t\t\t\t\t\t<\/div>\n\t\t\t\t<\/div>\n\t\t\t\t\t<\/div>\n\t\t<\/div>\n\t\t\t\t\t<\/div>\n\t\t<\/section>\n\t\t\t\t<section class=\"elementor-section elementor-top-section elementor-element elementor-element-ca12542 elementor-section-boxed elementor-section-height-default elementor-section-height-default\" data-id=\"ca12542\" data-element_type=\"section\">\n\t\t\t\t\t\t<div class=\"elementor-container elementor-column-gap-default\">\n\t\t\t\t\t<div class=\"elementor-column elementor-col-100 elementor-top-column elementor-element elementor-element-deceb15\" data-id=\"deceb15\" data-element_type=\"column\">\n\t\t\t<div class=\"elementor-widget-wrap elementor-element-populated\">\n\t\t\t\t\t\t<div class=\"elementor-element elementor-element-3f16e05 elementor-vertical-align-bottom elementor-widget__width-auto underline elementor-widget elementor-widget-icon-box\" data-id=\"3f16e05\" data-element_type=\"widget\" data-widget_type=\"icon-box.default\">\n\t\t\t\t<div class=\"elementor-widget-container\">\n\t\t\t\t\t<div class=\"elementor-icon-box-wrapper\">\n\n\t\t\t\n\t\t\t\t\t\t<div class=\"elementor-icon-box-content\">\n\n\t\t\t\t\t\t\t\t\t<h3 class=\"elementor-icon-box-title\">\n\t\t\t\t\t\t<span  >\n\t\t\t\t\t\t\t<h1>TECHNISCHER SUPPORT VON ORT<\/h1>\t\t\t\t\t\t<\/span>\n\t\t\t\t\t<\/h3>\n\t\t\t\t\n\t\t\t\t\n\t\t\t<\/div>\n\t\t\t\n\t\t<\/div>\n\t\t\t\t<\/div>\n\t\t\t\t<\/div>\n\t\t\t\t\t<\/div>\n\t\t<\/div>\n\t\t\t\t\t<\/div>\n\t\t<\/section>\n\t\t\t\t<section class=\"elementor-section elementor-top-section elementor-element elementor-element-f7ac0e2 elementor-section-boxed elementor-section-height-default elementor-section-height-default\" data-id=\"f7ac0e2\" data-element_type=\"section\">\n\t\t\t\t\t\t<div class=\"elementor-container elementor-column-gap-default\">\n\t\t\t\t\t<div class=\"elementor-column elementor-col-100 elementor-top-column elementor-element elementor-element-00b52d9\" data-id=\"00b52d9\" data-element_type=\"column\">\n\t\t\t<div class=\"elementor-widget-wrap elementor-element-populated\">\n\t\t\t\t\t\t<div class=\"elementor-element elementor-element-ad67a4c elementor-widget elementor-widget-text-editor\" data-id=\"ad67a4c\" data-element_type=\"widget\" data-widget_type=\"text-editor.default\">\n\t\t\t\t<div class=\"elementor-widget-container\">\n\t\t\t\t\t\t\t<p>Wenn der vor Ort Dienst erforderlich ist, ist unsere Mannschaft von qualifizierten Bediener f\u00fcr schnelle und entscheidende Vermittlungen.<\/p>\n<p>Wir bieten auch die M\u00f6glichkeit, die vorbeugende geplante Wartung Ihrer Maschinen zu planen um den korrekten Betriebs- und Wartungs-Zustand zu \u00fcberpr\u00fcfen. Zum Schluss schreiben unsere Techniker einen vollst\u00e4ndigen Bericht um den aktuellen Zustand der Maschine hervorzuheben und Empfehlungen bez\u00fcglich Verbesserungen oder Reparaturen vor zu schlagen. Dies gew\u00e4hrleiste ein langes Leben der Maschinen und eine optimale Langzeitleistung.<\/p>\n<p>Wenn Probleme auftreten, aktivieren Sie einfach die Verbindung und informieren Sie unsere Mitarbeiter \u00fcber die Situation. Mit einer handels\u00fcblichen Standardsoftware k\u00f6nnen unsere Techniker auf den PC Ihrer Maschine Zugang haben und k\u00f6nnen \u00fcber die Hochgeschwindigkeitsverbindung das Problem in Echtzeit zu erkennen und L\u00f6sungen finden zur Vermeidung der Verz\u00f6gerungen die an die Zusendung eines Technikers in Ihre Firma gebunden ist.<\/p>\n\t\t\t\t\t\t<\/div>\n\t\t\t\t<\/div>\n\t\t\t\t\t<\/div>\n\t\t<\/div>\n\t\t\t\t\t<\/div>\n\t\t<\/section>\n\t\t\t\t<section class=\"elementor-section elementor-top-section elementor-element elementor-element-fdc61d6 elementor-section-boxed elementor-section-height-default elementor-section-height-default\" data-id=\"fdc61d6\" data-element_type=\"section\">\n\t\t\t\t\t\t<div class=\"elementor-container elementor-column-gap-default\">\n\t\t\t\t\t<div class=\"elementor-column elementor-col-100 elementor-top-column elementor-element elementor-element-f21e4c0\" data-id=\"f21e4c0\" data-element_type=\"column\">\n\t\t\t<div class=\"elementor-widget-wrap elementor-element-populated\">\n\t\t\t\t\t\t<div class=\"elementor-element elementor-element-19cd45f elementor-widget elementor-widget-spacer\" data-id=\"19cd45f\" data-element_type=\"widget\" data-widget_type=\"spacer.default\">\n\t\t\t\t<div class=\"elementor-widget-container\">\n\t\t\t\t\t<div class=\"elementor-spacer\">\n\t\t\t<div class=\"elementor-spacer-inner\"><\/div>\n\t\t<\/div>\n\t\t\t\t<\/div>\n\t\t\t\t<\/div>\n\t\t\t\t\t<\/div>\n\t\t<\/div>\n\t\t\t\t\t<\/div>\n\t\t<\/section>\n\t\t\t\t<section class=\"elementor-section elementor-top-section elementor-element elementor-element-27e4879 elementor-section-boxed elementor-section-height-default elementor-section-height-default\" data-id=\"27e4879\" data-element_type=\"section\">\n\t\t\t\t\t\t<div class=\"elementor-container elementor-column-gap-default\">\n\t\t\t\t\t<div class=\"elementor-column elementor-col-100 elementor-top-column elementor-element elementor-element-7967641\" data-id=\"7967641\" data-element_type=\"column\">\n\t\t\t<div class=\"elementor-widget-wrap elementor-element-populated\">\n\t\t\t\t\t\t<div class=\"elementor-element elementor-element-e4d5eb7 elementor-widget elementor-widget-text-editor\" data-id=\"e4d5eb7\" data-element_type=\"widget\" data-widget_type=\"text-editor.default\">\n\t\t\t\t<div class=\"elementor-widget-container\">\n\t\t\t\t\t\t\t<h1>Melden Sie sich bei uns<\/h1>\n<p>Setzen Sie sich mit uns in Verbindung und wir werden Sie in Kontakt mit unseren Vertriebskollegen und Technikern stellen.<\/p>\n\t\t\t\t\t\t<\/div>\n\t\t\t\t<\/div>\n\t\t\t\t<div class=\"elementor-element elementor-element-5c64218 elementor-button-align-stretch elementor-widget elementor-widget-form\" data-id=\"5c64218\" data-element_type=\"widget\" data-settings=\"{&quot;step_next_label&quot;:&quot;Successivo&quot;,&quot;step_previous_label&quot;:&quot;Precedente&quot;,&quot;button_width&quot;:&quot;100&quot;,&quot;step_type&quot;:&quot;number_text&quot;,&quot;step_icon_shape&quot;:&quot;circle&quot;}\" data-widget_type=\"form.default\">\n\t\t\t\t<div class=\"elementor-widget-container\">\n\t\t\t\t\t<form class=\"elementor-form\" method=\"post\" name=\"Contact Form OMCG\">\n\t\t\t<input type=\"hidden\" name=\"post_id\" value=\"7117\"\/>\n\t\t\t<input type=\"hidden\" name=\"form_id\" value=\"5c64218\"\/>\n\t\t\t<input type=\"hidden\" name=\"referer_title\" value=\"\" \/>\n\n\t\t\t\n\t\t\t<div class=\"elementor-form-fields-wrapper elementor-labels-above\">\n\t\t\t\t\t\t\t\t<div class=\"elementor-field-type-text elementor-field-group elementor-column elementor-field-group-name elementor-col-100\">\n\t\t\t\t\t\t\t\t\t\t\t\t<label for=\"form-field-name\" class=\"elementor-field-label\">\n\t\t\t\t\t\t\t\tNome\t\t\t\t\t\t\t<\/label>\n\t\t\t\t\t\t\t\t\t\t\t\t\t\t<input size=\"1\" type=\"text\" name=\"form_fields[name]\" id=\"form-field-name\" class=\"elementor-field elementor-size-sm  elementor-field-textual\" placeholder=\"Nome\">\n\t\t\t\t\t\t\t\t\t\t\t<\/div>\n\t\t\t\t\t\t\t\t<div class=\"elementor-field-type-email elementor-field-group elementor-column elementor-field-group-email elementor-col-100 elementor-field-required\">\n\t\t\t\t\t\t\t\t\t\t\t\t<label for=\"form-field-email\" class=\"elementor-field-label\">\n\t\t\t\t\t\t\t\tEmail\t\t\t\t\t\t\t<\/label>\n\t\t\t\t\t\t\t\t\t\t\t\t\t\t<input size=\"1\" type=\"email\" name=\"form_fields[email]\" id=\"form-field-email\" class=\"elementor-field elementor-size-sm  elementor-field-textual\" placeholder=\"Email\" required=\"required\" aria-required=\"true\">\n\t\t\t\t\t\t\t\t\t\t\t<\/div>\n\t\t\t\t\t\t\t\t<div class=\"elementor-field-type-textarea elementor-field-group elementor-column elementor-field-group-message elementor-col-100\">\n\t\t\t\t\t\t\t\t\t\t\t\t<label for=\"form-field-message\" class=\"elementor-field-label\">\n\t\t\t\t\t\t\t\tMessaggio\t\t\t\t\t\t\t<\/label>\n\t\t\t\t\t\t<textarea class=\"elementor-field-textual elementor-field  elementor-size-sm\" name=\"form_fields[message]\" id=\"form-field-message\" rows=\"4\" placeholder=\"Messaggio\"><\/textarea>\t\t\t\t<\/div>\n\t\t\t\t\t\t\t\t<div class=\"elementor-field-group elementor-column elementor-field-type-submit elementor-col-100 e-form__buttons\">\n\t\t\t\t\t<button class=\"elementor-button elementor-size-sm\" type=\"submit\">\n\t\t\t\t\t\t<span class=\"elementor-button-content-wrapper\">\n\t\t\t\t\t\t\t\t\t\t\t\t\t\t\t\t\t\t\t\t\t\t<span class=\"elementor-button-text\">Invia<\/span>\n\t\t\t\t\t\t\t\t\t\t\t\t\t<\/span>\n\t\t\t\t\t<\/button>\n\t\t\t\t<\/div>\n\t\t\t<\/div>\n\t\t<\/form>\n\t\t\t\t<\/div>\n\t\t\t\t<\/div>\n\t\t\t\t\t<\/div>\n\t\t<\/div>\n\t\t\t\t\t<\/div>\n\t\t<\/section>\n\t\t\t\t<\/div>\n\t\t","protected":false},"excerpt":{"rendered":"<p>TELESERVICE MITTELS REMOTEVERBINDUNG OMCG bietet eine on-line Ferndiagnose, die \u00fcber eine Hochgeschwindigkeits-Internetverbindung funktioniert. Jede Maschine ist mit einem PC ausgestattet, der diese Funktionalit\u00e4t anbietet. Der PC kann mit einem Ethernet Anschluss f\u00fcr die kabelgebundene Verbindung zu Ihrem Netzwerk oder mit einer wireless Funkkarte zur Verbindung an Ihrem wireless Internet System eingerichtet werden. Wenn Probleme auftreten,&hellip; <a class=\"more-link\" href=\"https:\/\/omcg.com\/de\/dienstleistungen-2\/dienstleistungen\/\"><span class=\"screen-reader-text\">Technischer Support<\/span> weiterlesen<\/a><\/p>\n","protected":false},"author":1,"featured_media":5017,"parent":7139,"menu_order":0,"comment_status":"closed","ping_status":"closed","template":"elementor_header_footer","meta":{"footnotes":""},"class_list":["post-7117","page","type-page","status-publish","has-post-thumbnail","hentry","entry"],"_links":{"self":[{"href":"https:\/\/omcg.com\/de\/wp-json\/wp\/v2\/pages\/7117","targetHints":{"allow":["GET"]}}],"collection":[{"href":"https:\/\/omcg.com\/de\/wp-json\/wp\/v2\/pages"}],"about":[{"href":"https:\/\/omcg.com\/de\/wp-json\/wp\/v2\/types\/page"}],"author":[{"embeddable":true,"href":"https:\/\/omcg.com\/de\/wp-json\/wp\/v2\/users\/1"}],"replies":[{"embeddable":true,"href":"https:\/\/omcg.com\/de\/wp-json\/wp\/v2\/comments?post=7117"}],"version-history":[{"count":2,"href":"https:\/\/omcg.com\/de\/wp-json\/wp\/v2\/pages\/7117\/revisions"}],"predecessor-version":[{"id":7138,"href":"https:\/\/omcg.com\/de\/wp-json\/wp\/v2\/pages\/7117\/revisions\/7138"}],"up":[{"embeddable":true,"href":"https:\/\/omcg.com\/de\/wp-json\/wp\/v2\/pages\/7139"}],"wp:featuredmedia":[{"embeddable":true,"href":"https:\/\/omcg.com\/de\/wp-json\/wp\/v2\/media\/5017"}],"wp:attachment":[{"href":"https:\/\/omcg.com\/de\/wp-json\/wp\/v2\/media?parent=7117"}],"curies":[{"name":"wp","href":"https:\/\/api.w.org\/{rel}","templated":true}]}}